{"id":16,"date":"2017-05-22T20:32:29","date_gmt":"2017-05-22T20:32:29","guid":{"rendered":"http:\/\/contenedoresagunsa.upmedia.cl\/?page_id=16"},"modified":"2022-10-06T17:55:53","modified_gmt":"2022-10-06T17:55:53","slug":"cotiza","status":"publish","type":"page","link":"https:\/\/contenedoresagunsa.cl\/brasil\/cotiza\/","title":{"rendered":"SOLICITE UM OR\u00c7AMENTO"},"content":{"rendered":"<p>Ind\u00edcanos qu\u00e9 es lo que necesitas y buscaremos la mejor soluci\u00f3n a tu requerimiento<\/p>\n","protected":false},"excerpt":{"rendered":"<p>Diga-nos que tipo de container voc\u00ea precisa comprar que entraremos em contato o mais breve poss\u00edvel.<\/p>\n","protected":false},"author":1,"featured_media":0,"parent":0,"menu_order":0,"comment_status":"closed","ping_status":"closed","template":"","meta":[],"acf":[],"yoast_head":"<!-- This site is optimized with the Yoast SEO plugin v20.3 - https:\/\/yoast.com\/wordpress\/plugins\/seo\/ -->\n<title>SOLICITE UM OR\u00c7AMENTO - Contenedores Agunsa<\/title>\n<meta name=\"robots\" content=\"index, follow, max-snippet:-1, max-image-preview:large, max-video-preview:-1\" \/>\n<link rel=\"canonical\" href=\"https:\/\/contenedoresagunsa.cl\/brasil\/cotiza\/\" \/>\n<meta property=\"og:locale\" content=\"es_ES\" \/>\n<meta property=\"og:type\" content=\"article\" \/>\n<meta property=\"og:title\" content=\"SOLICITE UM OR\u00c7AMENTO - Contenedores Agunsa\" \/>\n<meta property=\"og:description\" content=\"Diga-nos que tipo de container voc\u00ea precisa comprar que entraremos em contato o mais breve poss\u00edvel.\" \/>\n<meta property=\"og:url\" content=\"https:\/\/contenedoresagunsa.cl\/brasil\/cotiza\/\" \/>\n<meta property=\"og:site_name\" content=\"Contenedores Agunsa\" \/>\n<meta property=\"article:modified_time\" content=\"2022-10-06T17:55:53+00:00\" \/>\n<meta name=\"twitter:card\" content=\"summary_large_image\" \/>\n<meta name=\"twitter:label1\" content=\"Tiempo de lectura\" \/>\n\t<meta name=\"twitter:data1\" content=\"1 minuto\" \/>\n<script type=\"application\/ld+json\" class=\"yoast-schema-graph\">{\"@context\":\"https:\/\/schema.org\",\"@graph\":[{\"@type\":\"WebPage\",\"@id\":\"https:\/\/contenedoresagunsa.cl\/brasil\/cotiza\/\",\"url\":\"https:\/\/contenedoresagunsa.cl\/brasil\/cotiza\/\",\"name\":\"SOLICITE UM OR\u00c7AMENTO - Contenedores Agunsa\",\"isPartOf\":{\"@id\":\"https:\/\/contenedoresagunsa.cl\/brasil\/#website\"},\"datePublished\":\"2017-05-22T20:32:29+00:00\",\"dateModified\":\"2022-10-06T17:55:53+00:00\",\"breadcrumb\":{\"@id\":\"https:\/\/contenedoresagunsa.cl\/brasil\/cotiza\/#breadcrumb\"},\"inLanguage\":\"es\",\"potentialAction\":[{\"@type\":\"ReadAction\",\"target\":[\"https:\/\/contenedoresagunsa.cl\/brasil\/cotiza\/\"]}]},{\"@type\":\"BreadcrumbList\",\"@id\":\"https:\/\/contenedoresagunsa.cl\/brasil\/cotiza\/#breadcrumb\",\"itemListElement\":[{\"@type\":\"ListItem\",\"position\":1,\"name\":\"Portada\",\"item\":\"https:\/\/contenedoresagunsa.cl\/brasil\/\"},{\"@type\":\"ListItem\",\"position\":2,\"name\":\"SOLICITE UM OR\u00c7AMENTO\"}]},{\"@type\":\"WebSite\",\"@id\":\"https:\/\/contenedoresagunsa.cl\/brasil\/#website\",\"url\":\"https:\/\/contenedoresagunsa.cl\/brasil\/\",\"name\":\"Contenedores Agunsa\",\"description\":\"Venta y arriendo de contenedores mar\u00edtimos\",\"potentialAction\":[{\"@type\":\"SearchAction\",\"target\":{\"@type\":\"EntryPoint\",\"urlTemplate\":\"https:\/\/contenedoresagunsa.cl\/brasil\/?s={search_term_string}\"},\"query-input\":\"required name=search_term_string\"}],\"inLanguage\":\"es\"}]}<\/script>\n<!-- \/ Yoast SEO plugin. -->","yoast_head_json":{"title":"SOLICITE UM OR\u00c7AMENTO - Contenedores Agunsa","robots":{"index":"index","follow":"follow","max-snippet":"max-snippet:-1","max-image-preview":"max-image-preview:large","max-video-preview":"max-video-preview:-1"},"canonical":"https:\/\/contenedoresagunsa.cl\/brasil\/cotiza\/","og_locale":"es_ES","og_type":"article","og_title":"SOLICITE UM OR\u00c7AMENTO - Contenedores Agunsa","og_description":"Diga-nos que tipo de container voc\u00ea precisa comprar que entraremos em contato o mais breve poss\u00edvel.","og_url":"https:\/\/contenedoresagunsa.cl\/brasil\/cotiza\/","og_site_name":"Contenedores Agunsa","article_modified_time":"2022-10-06T17:55:53+00:00","twitter_card":"summary_large_image","twitter_misc":{"Tiempo de lectura":"1 minuto"},"schema":{"@context":"https:\/\/schema.org","@graph":[{"@type":"WebPage","@id":"https:\/\/contenedoresagunsa.cl\/brasil\/cotiza\/","url":"https:\/\/contenedoresagunsa.cl\/brasil\/cotiza\/","name":"SOLICITE UM OR\u00c7AMENTO - Contenedores Agunsa","isPartOf":{"@id":"https:\/\/contenedoresagunsa.cl\/brasil\/#website"},"datePublished":"2017-05-22T20:32:29+00:00","dateModified":"2022-10-06T17:55:53+00:00","breadcrumb":{"@id":"https:\/\/contenedoresagunsa.cl\/brasil\/cotiza\/#breadcrumb"},"inLanguage":"es","potentialAction":[{"@type":"ReadAction","target":["https:\/\/contenedoresagunsa.cl\/brasil\/cotiza\/"]}]},{"@type":"BreadcrumbList","@id":"https:\/\/contenedoresagunsa.cl\/brasil\/cotiza\/#breadcrumb","itemListElement":[{"@type":"ListItem","position":1,"name":"Portada","item":"https:\/\/contenedoresagunsa.cl\/brasil\/"},{"@type":"ListItem","position":2,"name":"SOLICITE UM OR\u00c7AMENTO"}]},{"@type":"WebSite","@id":"https:\/\/contenedoresagunsa.cl\/brasil\/#website","url":"https:\/\/contenedoresagunsa.cl\/brasil\/","name":"Contenedores Agunsa","description":"Venta y arriendo de contenedores mar\u00edtimos","potentialAction":[{"@type":"SearchAction","target":{"@type":"EntryPoint","urlTemplate":"https:\/\/contenedoresagunsa.cl\/brasil\/?s={search_term_string}"},"query-input":"required name=search_term_string"}],"inLanguage":"es"}]}},"_links":{"self":[{"href":"https:\/\/contenedoresagunsa.cl\/brasil\/wp-json\/wp\/v2\/pages\/16"}],"collection":[{"href":"https:\/\/contenedoresagunsa.cl\/brasil\/wp-json\/wp\/v2\/pages"}],"about":[{"href":"https:\/\/contenedoresagunsa.cl\/brasil\/wp-json\/wp\/v2\/types\/page"}],"author":[{"embeddable":true,"href":"https:\/\/contenedoresagunsa.cl\/brasil\/wp-json\/wp\/v2\/users\/1"}],"replies":[{"embeddable":true,"href":"https:\/\/contenedoresagunsa.cl\/brasil\/wp-json\/wp\/v2\/comments?post=16"}],"version-history":[{"count":5,"href":"https:\/\/contenedoresagunsa.cl\/brasil\/wp-json\/wp\/v2\/pages\/16\/revisions"}],"predecessor-version":[{"id":424,"href":"https:\/\/contenedoresagunsa.cl\/brasil\/wp-json\/wp\/v2\/pages\/16\/revisions\/424"}],"wp:attachment":[{"href":"https:\/\/contenedoresagunsa.cl\/brasil\/wp-json\/wp\/v2\/media?parent=16"}],"curies":[{"name":"wp","href":"https:\/\/api.w.org\/{rel}","templated":true}]}}