{"id":18,"date":"2017-05-22T20:32:41","date_gmt":"2017-05-22T20:32:41","guid":{"rendered":"http:\/\/contenedoresagunsa.upmedia.cl\/?page_id=18"},"modified":"2023-01-23T19:28:17","modified_gmt":"2023-01-23T19:28:17","slug":"acerca-de","status":"publish","type":"page","link":"https:\/\/contenedoresagunsa.cl\/brasil\/acerca-de\/","title":{"rendered":"SOBRE"},"content":{"rendered":"<p><span style=\"font-weight: 400;\">A AGUNSA foi criada h\u00e1 mais de sessenta anos como uma ag\u00eancia mar\u00edtima destinada a fornecer servi\u00e7os portu\u00e1rios eficientes e confi\u00e1veis.&nbsp;Com o tempo, posicionou-se como l\u00edder no neg\u00f3cio mar\u00edtimo e nas atividades de agenciamento no Chile.&nbsp;A partir de 1990, iniciou um processo de internacionaliza\u00e7\u00e3o que a posicionou como a mais importante empresa do setor log\u00edstico da Am\u00e9rica Latina, aventurando-se posteriormente nos mercados europeu e asi\u00e1tico.<\/span><\/p>\n<p><span style=\"font-weight: 400;\">Hoje a AGUNSA possui uma extensa rede de escrit\u00f3rios em mais de 20 pa\u00edses.<\/span><\/p>\n<p><span style=\"font-weight: 400;\">Com base na sua experi\u00eancia, profissionalismo e flexibilidade, a AGUNSA responde \u00e0s necessidades dos seus clientes, adaptando-se \u00e0s suas necessidades presentes e futuras.&nbsp;Seu desafio \u00e9 desenvolver neg\u00f3cios, cruzando fronteiras a\u00e9reas, mar\u00edtimas e continentais, por meio de uma plataforma log\u00edstica abrangente que est\u00e1 em constante expans\u00e3o e acelera\u00e7\u00e3o, inserindo-se com efici\u00eancia nos mais diversos locais e cen\u00e1rios.<\/span><\/p>\n<p><span style=\"font-weight: 400;\">Neste contexto, nasceu a \u00e1rea de venda de containers, tornando-se uma refer\u00eancia na ind\u00fastria de solu\u00e7\u00f5es m\u00f3veis, entregando propostas pr\u00e1ticas e eficientes para as diferentes necessidades de transporte, armazenagem e habita\u00e7\u00e3o.<\/span><\/p>\n<p><span style=\"font-weight: 400;\">O nosso compromisso como empresa \u00e9 satisfazer as necessidades dos nossos clientes adaptando-nos \u00e0s suas exig\u00eancias, conseguindo assim prestar um servi\u00e7o de qualidade.<\/span><\/p>\n","protected":false},"excerpt":{"rendered":"<p>A AGUNSA vende containers mar\u00edtimos com o objetivo de fornecer solu\u00e7\u00f5es eficientes e eficazes para os mais diversos projetos e necessidades.<\/p>\n","protected":false},"author":1,"featured_media":0,"parent":0,"menu_order":0,"comment_status":"closed","ping_status":"closed","template":"","meta":[],"acf":[],"yoast_head":"<!-- This site is optimized with the Yoast SEO plugin v20.3 - https:\/\/yoast.com\/wordpress\/plugins\/seo\/ -->\n<title>SOBRE - Contenedores Agunsa<\/title>\n<meta name=\"robots\" content=\"index, follow, max-snippet:-1, max-image-preview:large, max-video-preview:-1\" \/>\n<link rel=\"canonical\" href=\"https:\/\/contenedoresagunsa.cl\/brasil\/acerca-de\/\" \/>\n<meta property=\"og:locale\" content=\"es_ES\" \/>\n<meta property=\"og:type\" content=\"article\" \/>\n<meta property=\"og:title\" content=\"SOBRE - Contenedores Agunsa\" \/>\n<meta property=\"og:description\" content=\"A AGUNSA vende containers mar\u00edtimos com o objetivo de fornecer solu\u00e7\u00f5es eficientes e eficazes para os mais diversos projetos e necessidades.\" \/>\n<meta property=\"og:url\" content=\"https:\/\/contenedoresagunsa.cl\/brasil\/acerca-de\/\" \/>\n<meta property=\"og:site_name\" content=\"Contenedores Agunsa\" \/>\n<meta property=\"article:modified_time\" content=\"2023-01-23T19:28:17+00:00\" \/>\n<meta name=\"twitter:card\" content=\"summary_large_image\" \/>\n<meta name=\"twitter:label1\" content=\"Tiempo de lectura\" \/>\n\t<meta name=\"twitter:data1\" content=\"1 minuto\" \/>\n<script type=\"application\/ld+json\" class=\"yoast-schema-graph\">{\"@context\":\"https:\/\/schema.org\",\"@graph\":[{\"@type\":\"WebPage\",\"@id\":\"https:\/\/contenedoresagunsa.cl\/brasil\/acerca-de\/\",\"url\":\"https:\/\/contenedoresagunsa.cl\/brasil\/acerca-de\/\",\"name\":\"SOBRE - Contenedores Agunsa\",\"isPartOf\":{\"@id\":\"https:\/\/contenedoresagunsa.cl\/brasil\/#website\"},\"datePublished\":\"2017-05-22T20:32:41+00:00\",\"dateModified\":\"2023-01-23T19:28:17+00:00\",\"breadcrumb\":{\"@id\":\"https:\/\/contenedoresagunsa.cl\/brasil\/acerca-de\/#breadcrumb\"},\"inLanguage\":\"es\",\"potentialAction\":[{\"@type\":\"ReadAction\",\"target\":[\"https:\/\/contenedoresagunsa.cl\/brasil\/acerca-de\/\"]}]},{\"@type\":\"BreadcrumbList\",\"@id\":\"https:\/\/contenedoresagunsa.cl\/brasil\/acerca-de\/#breadcrumb\",\"itemListElement\":[{\"@type\":\"ListItem\",\"position\":1,\"name\":\"Portada\",\"item\":\"https:\/\/contenedoresagunsa.cl\/brasil\/\"},{\"@type\":\"ListItem\",\"position\":2,\"name\":\"SOBRE\"}]},{\"@type\":\"WebSite\",\"@id\":\"https:\/\/contenedoresagunsa.cl\/brasil\/#website\",\"url\":\"https:\/\/contenedoresagunsa.cl\/brasil\/\",\"name\":\"Contenedores Agunsa\",\"description\":\"Venta y arriendo de contenedores mar\u00edtimos\",\"potentialAction\":[{\"@type\":\"SearchAction\",\"target\":{\"@type\":\"EntryPoint\",\"urlTemplate\":\"https:\/\/contenedoresagunsa.cl\/brasil\/?s={search_term_string}\"},\"query-input\":\"required name=search_term_string\"}],\"inLanguage\":\"es\"}]}<\/script>\n<!-- \/ Yoast SEO plugin. -->","yoast_head_json":{"title":"SOBRE - Contenedores Agunsa","robots":{"index":"index","follow":"follow","max-snippet":"max-snippet:-1","max-image-preview":"max-image-preview:large","max-video-preview":"max-video-preview:-1"},"canonical":"https:\/\/contenedoresagunsa.cl\/brasil\/acerca-de\/","og_locale":"es_ES","og_type":"article","og_title":"SOBRE - Contenedores Agunsa","og_description":"A AGUNSA vende containers mar\u00edtimos com o objetivo de fornecer solu\u00e7\u00f5es eficientes e eficazes para os mais diversos projetos e necessidades.","og_url":"https:\/\/contenedoresagunsa.cl\/brasil\/acerca-de\/","og_site_name":"Contenedores Agunsa","article_modified_time":"2023-01-23T19:28:17+00:00","twitter_card":"summary_large_image","twitter_misc":{"Tiempo de lectura":"1 minuto"},"schema":{"@context":"https:\/\/schema.org","@graph":[{"@type":"WebPage","@id":"https:\/\/contenedoresagunsa.cl\/brasil\/acerca-de\/","url":"https:\/\/contenedoresagunsa.cl\/brasil\/acerca-de\/","name":"SOBRE - Contenedores Agunsa","isPartOf":{"@id":"https:\/\/contenedoresagunsa.cl\/brasil\/#website"},"datePublished":"2017-05-22T20:32:41+00:00","dateModified":"2023-01-23T19:28:17+00:00","breadcrumb":{"@id":"https:\/\/contenedoresagunsa.cl\/brasil\/acerca-de\/#breadcrumb"},"inLanguage":"es","potentialAction":[{"@type":"ReadAction","target":["https:\/\/contenedoresagunsa.cl\/brasil\/acerca-de\/"]}]},{"@type":"BreadcrumbList","@id":"https:\/\/contenedoresagunsa.cl\/brasil\/acerca-de\/#breadcrumb","itemListElement":[{"@type":"ListItem","position":1,"name":"Portada","item":"https:\/\/contenedoresagunsa.cl\/brasil\/"},{"@type":"ListItem","position":2,"name":"SOBRE"}]},{"@type":"WebSite","@id":"https:\/\/contenedoresagunsa.cl\/brasil\/#website","url":"https:\/\/contenedoresagunsa.cl\/brasil\/","name":"Contenedores Agunsa","description":"Venta y arriendo de contenedores mar\u00edtimos","potentialAction":[{"@type":"SearchAction","target":{"@type":"EntryPoint","urlTemplate":"https:\/\/contenedoresagunsa.cl\/brasil\/?s={search_term_string}"},"query-input":"required name=search_term_string"}],"inLanguage":"es"}]}},"_links":{"self":[{"href":"https:\/\/contenedoresagunsa.cl\/brasil\/wp-json\/wp\/v2\/pages\/18"}],"collection":[{"href":"https:\/\/contenedoresagunsa.cl\/brasil\/wp-json\/wp\/v2\/pages"}],"about":[{"href":"https:\/\/contenedoresagunsa.cl\/brasil\/wp-json\/wp\/v2\/types\/page"}],"author":[{"embeddable":true,"href":"https:\/\/contenedoresagunsa.cl\/brasil\/wp-json\/wp\/v2\/users\/1"}],"replies":[{"embeddable":true,"href":"https:\/\/contenedoresagunsa.cl\/brasil\/wp-json\/wp\/v2\/comments?post=18"}],"version-history":[{"count":27,"href":"https:\/\/contenedoresagunsa.cl\/brasil\/wp-json\/wp\/v2\/pages\/18\/revisions"}],"predecessor-version":[{"id":455,"href":"https:\/\/contenedoresagunsa.cl\/brasil\/wp-json\/wp\/v2\/pages\/18\/revisions\/455"}],"wp:attachment":[{"href":"https:\/\/contenedoresagunsa.cl\/brasil\/wp-json\/wp\/v2\/media?parent=18"}],"curies":[{"name":"wp","href":"https:\/\/api.w.org\/{rel}","templated":true}]}}