{"id":18,"date":"2017-05-22T20:32:41","date_gmt":"2017-05-22T20:32:41","guid":{"rendered":"http:\/\/contenedoresagunsa.upmedia.cl\/?page_id=18"},"modified":"2020-09-30T16:04:43","modified_gmt":"2020-09-30T16:04:43","slug":"acerca-de","status":"publish","type":"page","link":"https:\/\/contenedoresagunsa.cl\/ecuador\/acerca-de\/","title":{"rendered":"Acerca de"},"content":{"rendered":"<p>Bajo este contexto nace el \u00e1rea de venta y arriendo de contenedores, convirti\u00e9ndose en un referente en la industria de soluciones m\u00f3viles, entregando propuestas pr\u00e1cticas y eficientes a las distintas necesidades de transporte, almacenaje, bodegaje y habitacionales.<\/p>\n<p><strong>ARETINA<\/strong>\u00a0es una Empresa de Log\u00edstica Portuaria que brinda Servicios Integrales a Carga y Contenedores. Inici\u00f3 sus operaciones en el a\u00f1o 1992 siendo el Primer Operador Privado de Carga en el Ecuador. En el a\u00f1o 1995 se constituy\u00f3 como Operador Portuario Multiprop\u00f3sito en Guayaquil.<\/p>\n<p>La experiencia profesional, equipamiento, capacidad tecnol\u00f3gica, infraestructura son nuestras principales fortalezas.<\/p>\n<p>Con estas herramientas hemos generado un crecimiento permanente desarrollando y modernizando continuamente nuestros procesos con incorporaci\u00f3n de nuevas tendencias en m\u00e9todos de trabajos, infraestructura portuaria, equipos de transferencia de carga, tecnolog\u00eda de punta, con el objeto de cumplir con las expectativas de nuestros clientes que se encuentran integrados como socios estrat\u00e9gicos, para los cuales en el continuo contacto adaptamos sus necesidades para satisfacerlas.<\/p>\n<p>Mediante la expansi\u00f3n de nuestras capacidades y recursos, incorporamos el servicio de venta y arriendo de contenedores de carga seca y refrigerada. Adicional tambi\u00e9n realizamos adecuaciones de los contenedores para oficinas, bodegas, casas, ba\u00f1os, etc. Ofreciendo un nuevo horizonte a los clientes para sus proyectos inmobiliarios.<\/p>\n<p><strong>ARETINA<\/strong>\u00a0actualmente es uno de los principales Operadores Portuarios de Carga y Contenedores del Ecuador posicionada y consolidada en los Puertos de Guayaquil, Manta y Puerto Bolivar.<\/p>\n<p>Pol\u00edtica Empresarial<\/p>\n<p><img loading=\"lazy\" decoding=\"async\" class=\"alignnone size-full wp-image-312\" src=\"https:\/\/contenedoresagunsa.cl\/ecuador\/wp-content\/uploads\/2020\/09\/barco.png\" alt=\"\" width=\"85\" height=\"95\" \/><\/p>\n<p><strong>Aretina<\/strong>\u00a0est\u00e1 comprometida a ser l\u00edder en log\u00edstica portuaria integral, otorgando servicios eficientes, seguros y oportunos, previniendo, controlando y mitigando el impacto ambiental que estos generan, satisfaciendo y superando las expectativas y requerimientos de sus clientes, colaboradores y dem\u00e1s partes interesadas.<\/p>\n<p>As\u00ed mismo,\u00a0<strong>ARETINA<\/strong>\u00a0est\u00e1 comprometida a cumplir con las leyes, regulaciones, acuerdos y requisitos internacionales de calidad y medio ambiente, aplicando mejoramiento continuo a sus procesos y servicios, asegurando as\u00ed el crecimiento sustentable y permanente de la organizaci\u00f3n.<\/p>\n<p>Pol\u00edticas de Seguridad<\/p>\n<p><img loading=\"lazy\" decoding=\"async\" class=\"alignnone size-full wp-image-314\" src=\"https:\/\/contenedoresagunsa.cl\/ecuador\/wp-content\/uploads\/2020\/09\/basc.png\" alt=\"\" width=\"91\" height=\"80\" \/><\/p>\n<p><strong>Aretina<\/strong>\u00a0siendo una empresa dedicada a la Operaci\u00f3n Portuaria, estamos comprometidos en prevenir actividades il\u00edcitas como el narcotr\u00e1fico, terrorismo, lavado de activos, conspiraci\u00f3n interna o robo, a trav\u00e9s del cumplimiento tanto de los est\u00e1ndares del Sistema de Gesti\u00f3n de Control y Seguridad BASC como de la legislaci\u00f3n nacional vigente, lo que nos permite asegurar la satisfacci\u00f3n de los clientes mediante la mejora continua de nuestros procesos.<\/p>\n<p>Pol\u00edticas de Calidad<\/p>\n<p><img loading=\"lazy\" decoding=\"async\" class=\"alignnone size-full wp-image-315\" src=\"https:\/\/contenedoresagunsa.cl\/ecuador\/wp-content\/uploads\/2020\/09\/iso.png\" alt=\"\" width=\"96\" height=\"93\" \/><\/p>\n<p><strong>Aretina<\/strong>\u00a0mantendr\u00e1 una consistente participaci\u00f3n en el mercado como Operador Portuario, otorgando servicios eficientes, seguros y oportunos; previniendo, controlando y mitigando el impacto ambiental que estos generen; satisfaciendo y superando las expectativas y requerimientos de sus clientes, colaboradores y dem\u00e1s partes interesadas.<\/p>\n<p>As\u00ed mismo,\u00a0<strong>Aretina<\/strong>\u00a0est\u00e1 comprometida a cumplir con las leyes, regulaciones, acuerdos y requisitos internacionales de calidad y medio ambiente, aplicando mejoramiento continuo a sus procesos y servicios; asegurando as\u00ed el crecimiento sustentable y permanente de la organizaci\u00f3n.<\/p>\n<p>Pol\u00edticas de Inspecci\u00f3n Contenedores<\/p>\n<p><img loading=\"lazy\" decoding=\"async\" class=\"alignnone size-full wp-image-316\" src=\"https:\/\/contenedoresagunsa.cl\/ecuador\/wp-content\/uploads\/2020\/09\/iicl.png\" alt=\"\" width=\"98\" height=\"60\" \/><\/p>\n<p><strong>Aretina<\/strong>\u00a0cuenta con dotaci\u00f3n de inspectores calificados en IICL (The Institute of International Container Lessors). Es compromiso de Aretina mantener en constante capacitaci\u00f3n tanto a nuestros inspectores como al personal de Maestranza y Reparaci\u00f3n.<\/p>\n","protected":false},"excerpt":{"rendered":"<p>AGUNSA  vende y arrienda contenedores mar\u00edtimos con el fin de dar soluciones eficientes y eficaces a los m\u00e1s diversos proyectos y necesidades.<\/p>\n","protected":false},"author":1,"featured_media":0,"parent":0,"menu_order":0,"comment_status":"closed","ping_status":"closed","template":"","meta":{"_acf_changed":false,"footnotes":""},"class_list":["post-18","page","type-page","status-publish","hentry"],"acf":[],"yoast_head":"<!-- This site is optimized with the Yoast SEO plugin v26.8 - https:\/\/yoast.com\/product\/yoast-seo-wordpress\/ -->\n<title>Acerca de - Contenedores Agunsa<\/title>\n<meta name=\"robots\" content=\"index, follow, max-snippet:-1, max-image-preview:large, max-video-preview:-1\" \/>\n<link rel=\"canonical\" href=\"https:\/\/contenedoresagunsa.cl\/ecuador\/acerca-de\/\" \/>\n<meta property=\"og:locale\" content=\"es_ES\" \/>\n<meta property=\"og:type\" content=\"article\" \/>\n<meta property=\"og:title\" content=\"Acerca de - Contenedores Agunsa\" \/>\n<meta property=\"og:description\" content=\"AGUNSA vende y arrienda contenedores mar\u00edtimos con el fin de dar soluciones eficientes y eficaces a los m\u00e1s diversos proyectos y necesidades.\" \/>\n<meta property=\"og:url\" content=\"https:\/\/contenedoresagunsa.cl\/ecuador\/acerca-de\/\" \/>\n<meta property=\"og:site_name\" content=\"Contenedores Agunsa\" \/>\n<meta property=\"article:modified_time\" content=\"2020-09-30T16:04:43+00:00\" \/>\n<meta property=\"og:image\" content=\"https:\/\/contenedoresagunsa.cl\/ecuador\/wp-content\/uploads\/2020\/09\/barco.png\" \/>\n<meta name=\"twitter:card\" content=\"summary_large_image\" \/>\n<meta name=\"twitter:label1\" content=\"Tiempo de lectura\" \/>\n\t<meta name=\"twitter:data1\" content=\"3 minutos\" \/>\n<script type=\"application\/ld+json\" class=\"yoast-schema-graph\">{\"@context\":\"https:\/\/schema.org\",\"@graph\":[{\"@type\":\"WebPage\",\"@id\":\"https:\/\/contenedoresagunsa.cl\/ecuador\/acerca-de\/\",\"url\":\"https:\/\/contenedoresagunsa.cl\/ecuador\/acerca-de\/\",\"name\":\"Acerca de - Contenedores Agunsa\",\"isPartOf\":{\"@id\":\"https:\/\/contenedoresagunsa.cl\/ecuador\/#website\"},\"primaryImageOfPage\":{\"@id\":\"https:\/\/contenedoresagunsa.cl\/ecuador\/acerca-de\/#primaryimage\"},\"image\":{\"@id\":\"https:\/\/contenedoresagunsa.cl\/ecuador\/acerca-de\/#primaryimage\"},\"thumbnailUrl\":\"https:\/\/contenedoresagunsa.cl\/ecuador\/wp-content\/uploads\/2020\/09\/barco.png\",\"datePublished\":\"2017-05-22T20:32:41+00:00\",\"dateModified\":\"2020-09-30T16:04:43+00:00\",\"breadcrumb\":{\"@id\":\"https:\/\/contenedoresagunsa.cl\/ecuador\/acerca-de\/#breadcrumb\"},\"inLanguage\":\"es\",\"potentialAction\":[{\"@type\":\"ReadAction\",\"target\":[\"https:\/\/contenedoresagunsa.cl\/ecuador\/acerca-de\/\"]}]},{\"@type\":\"ImageObject\",\"inLanguage\":\"es\",\"@id\":\"https:\/\/contenedoresagunsa.cl\/ecuador\/acerca-de\/#primaryimage\",\"url\":\"https:\/\/contenedoresagunsa.cl\/ecuador\/wp-content\/uploads\/2020\/09\/barco.png\",\"contentUrl\":\"https:\/\/contenedoresagunsa.cl\/ecuador\/wp-content\/uploads\/2020\/09\/barco.png\",\"width\":85,\"height\":95},{\"@type\":\"BreadcrumbList\",\"@id\":\"https:\/\/contenedoresagunsa.cl\/ecuador\/acerca-de\/#breadcrumb\",\"itemListElement\":[{\"@type\":\"ListItem\",\"position\":1,\"name\":\"Portada\",\"item\":\"https:\/\/contenedoresagunsa.cl\/ecuador\/\"},{\"@type\":\"ListItem\",\"position\":2,\"name\":\"Acerca de\"}]},{\"@type\":\"WebSite\",\"@id\":\"https:\/\/contenedoresagunsa.cl\/ecuador\/#website\",\"url\":\"https:\/\/contenedoresagunsa.cl\/ecuador\/\",\"name\":\"Contenedores Agunsa\",\"description\":\"Venta y arriendo de contenedores mar\u00edtimos\",\"potentialAction\":[{\"@type\":\"SearchAction\",\"target\":{\"@type\":\"EntryPoint\",\"urlTemplate\":\"https:\/\/contenedoresagunsa.cl\/ecuador\/?s={search_term_string}\"},\"query-input\":{\"@type\":\"PropertyValueSpecification\",\"valueRequired\":true,\"valueName\":\"search_term_string\"}}],\"inLanguage\":\"es\"}]}<\/script>\n<!-- \/ Yoast SEO plugin. -->","yoast_head_json":{"title":"Acerca de - Contenedores Agunsa","robots":{"index":"index","follow":"follow","max-snippet":"max-snippet:-1","max-image-preview":"max-image-preview:large","max-video-preview":"max-video-preview:-1"},"canonical":"https:\/\/contenedoresagunsa.cl\/ecuador\/acerca-de\/","og_locale":"es_ES","og_type":"article","og_title":"Acerca de - Contenedores Agunsa","og_description":"AGUNSA vende y arrienda contenedores mar\u00edtimos con el fin de dar soluciones eficientes y eficaces a los m\u00e1s diversos proyectos y necesidades.","og_url":"https:\/\/contenedoresagunsa.cl\/ecuador\/acerca-de\/","og_site_name":"Contenedores Agunsa","article_modified_time":"2020-09-30T16:04:43+00:00","og_image":[{"url":"https:\/\/contenedoresagunsa.cl\/ecuador\/wp-content\/uploads\/2020\/09\/barco.png","type":"","width":"","height":""}],"twitter_card":"summary_large_image","twitter_misc":{"Tiempo de lectura":"3 minutos"},"schema":{"@context":"https:\/\/schema.org","@graph":[{"@type":"WebPage","@id":"https:\/\/contenedoresagunsa.cl\/ecuador\/acerca-de\/","url":"https:\/\/contenedoresagunsa.cl\/ecuador\/acerca-de\/","name":"Acerca de - Contenedores Agunsa","isPartOf":{"@id":"https:\/\/contenedoresagunsa.cl\/ecuador\/#website"},"primaryImageOfPage":{"@id":"https:\/\/contenedoresagunsa.cl\/ecuador\/acerca-de\/#primaryimage"},"image":{"@id":"https:\/\/contenedoresagunsa.cl\/ecuador\/acerca-de\/#primaryimage"},"thumbnailUrl":"https:\/\/contenedoresagunsa.cl\/ecuador\/wp-content\/uploads\/2020\/09\/barco.png","datePublished":"2017-05-22T20:32:41+00:00","dateModified":"2020-09-30T16:04:43+00:00","breadcrumb":{"@id":"https:\/\/contenedoresagunsa.cl\/ecuador\/acerca-de\/#breadcrumb"},"inLanguage":"es","potentialAction":[{"@type":"ReadAction","target":["https:\/\/contenedoresagunsa.cl\/ecuador\/acerca-de\/"]}]},{"@type":"ImageObject","inLanguage":"es","@id":"https:\/\/contenedoresagunsa.cl\/ecuador\/acerca-de\/#primaryimage","url":"https:\/\/contenedoresagunsa.cl\/ecuador\/wp-content\/uploads\/2020\/09\/barco.png","contentUrl":"https:\/\/contenedoresagunsa.cl\/ecuador\/wp-content\/uploads\/2020\/09\/barco.png","width":85,"height":95},{"@type":"BreadcrumbList","@id":"https:\/\/contenedoresagunsa.cl\/ecuador\/acerca-de\/#breadcrumb","itemListElement":[{"@type":"ListItem","position":1,"name":"Portada","item":"https:\/\/contenedoresagunsa.cl\/ecuador\/"},{"@type":"ListItem","position":2,"name":"Acerca de"}]},{"@type":"WebSite","@id":"https:\/\/contenedoresagunsa.cl\/ecuador\/#website","url":"https:\/\/contenedoresagunsa.cl\/ecuador\/","name":"Contenedores Agunsa","description":"Venta y arriendo de contenedores mar\u00edtimos","potentialAction":[{"@type":"SearchAction","target":{"@type":"EntryPoint","urlTemplate":"https:\/\/contenedoresagunsa.cl\/ecuador\/?s={search_term_string}"},"query-input":{"@type":"PropertyValueSpecification","valueRequired":true,"valueName":"search_term_string"}}],"inLanguage":"es"}]}},"_links":{"self":[{"href":"https:\/\/contenedoresagunsa.cl\/ecuador\/wp-json\/wp\/v2\/pages\/18","targetHints":{"allow":["GET"]}}],"collection":[{"href":"https:\/\/contenedoresagunsa.cl\/ecuador\/wp-json\/wp\/v2\/pages"}],"about":[{"href":"https:\/\/contenedoresagunsa.cl\/ecuador\/wp-json\/wp\/v2\/types\/page"}],"author":[{"embeddable":true,"href":"https:\/\/contenedoresagunsa.cl\/ecuador\/wp-json\/wp\/v2\/users\/1"}],"replies":[{"embeddable":true,"href":"https:\/\/contenedoresagunsa.cl\/ecuador\/wp-json\/wp\/v2\/comments?post=18"}],"version-history":[{"count":19,"href":"https:\/\/contenedoresagunsa.cl\/ecuador\/wp-json\/wp\/v2\/pages\/18\/revisions"}],"predecessor-version":[{"id":319,"href":"https:\/\/contenedoresagunsa.cl\/ecuador\/wp-json\/wp\/v2\/pages\/18\/revisions\/319"}],"wp:attachment":[{"href":"https:\/\/contenedoresagunsa.cl\/ecuador\/wp-json\/wp\/v2\/media?parent=18"}],"curies":[{"name":"wp","href":"https:\/\/api.w.org\/{rel}","templated":true}]}}