
{"id":16,"date":"2017-05-22T20:32:29","date_gmt":"2017-05-22T20:32:29","guid":{"rendered":"http:\/\/contenedoresagunsa.upmedia.cl\/?page_id=16"},"modified":"2018-01-09T14:21:17","modified_gmt":"2018-01-09T14:21:17","slug":"cotiza","status":"publish","type":"page","link":"https:\/\/contenedoresagunsa.cl\/peru\/cotiza\/","title":{"rendered":"Cotiza"},"content":{"rendered":"<p>Ind\u00edcanos qu\u00e9 es lo que necesitas y buscaremos la mejor soluci\u00f3n a tu requerimiento<\/p>\n","protected":false},"excerpt":{"rendered":"<p>Ind\u00edcanos qu\u00e9 tipo de contenedor o m\u00f3dulo necesitas comprar o  arrendar  y te contactaremos a la brevedad.<\/p>\n","protected":false},"author":1,"featured_media":0,"parent":0,"menu_order":0,"comment_status":"closed","ping_status":"closed","template":"","meta":{"_acf_changed":false,"footnotes":""},"class_list":["post-16","page","type-page","status-publish","hentry"],"acf":[],"yoast_head":"<!-- This site is optimized with the Yoast SEO plugin v26.8 - https:\/\/yoast.com\/product\/yoast-seo-wordpress\/ -->\n<title>Cotiza - Contenedores Agunsa Per\u00fa<\/title>\n<meta name=\"robots\" content=\"index, follow, max-snippet:-1, max-image-preview:large, max-video-preview:-1\" \/>\n<link rel=\"canonical\" href=\"https:\/\/contenedoresagunsa.cl\/peru\/cotiza\/\" \/>\n<meta property=\"og:locale\" content=\"es_ES\" \/>\n<meta property=\"og:type\" content=\"article\" \/>\n<meta property=\"og:title\" content=\"Cotiza - Contenedores Agunsa Per\u00fa\" \/>\n<meta property=\"og:description\" content=\"Ind\u00edcanos qu\u00e9 tipo de contenedor o m\u00f3dulo necesitas comprar o arrendar y te contactaremos a la brevedad.\" \/>\n<meta property=\"og:url\" content=\"https:\/\/contenedoresagunsa.cl\/peru\/cotiza\/\" \/>\n<meta property=\"og:site_name\" content=\"Contenedores Agunsa Per\u00fa\" \/>\n<meta property=\"article:modified_time\" content=\"2018-01-09T14:21:17+00:00\" \/>\n<meta name=\"twitter:card\" content=\"summary_large_image\" \/>\n<script type=\"application\/ld+json\" class=\"yoast-schema-graph\">{\"@context\":\"https:\/\/schema.org\",\"@graph\":[{\"@type\":\"WebPage\",\"@id\":\"https:\/\/contenedoresagunsa.cl\/peru\/cotiza\/\",\"url\":\"https:\/\/contenedoresagunsa.cl\/peru\/cotiza\/\",\"name\":\"Cotiza - Contenedores Agunsa Per\u00fa\",\"isPartOf\":{\"@id\":\"https:\/\/contenedoresagunsa.cl\/peru\/#website\"},\"datePublished\":\"2017-05-22T20:32:29+00:00\",\"dateModified\":\"2018-01-09T14:21:17+00:00\",\"breadcrumb\":{\"@id\":\"https:\/\/contenedoresagunsa.cl\/peru\/cotiza\/#breadcrumb\"},\"inLanguage\":\"es\",\"potentialAction\":[{\"@type\":\"ReadAction\",\"target\":[\"https:\/\/contenedoresagunsa.cl\/peru\/cotiza\/\"]}]},{\"@type\":\"BreadcrumbList\",\"@id\":\"https:\/\/contenedoresagunsa.cl\/peru\/cotiza\/#breadcrumb\",\"itemListElement\":[{\"@type\":\"ListItem\",\"position\":1,\"name\":\"Portada\",\"item\":\"https:\/\/contenedoresagunsa.cl\/peru\/\"},{\"@type\":\"ListItem\",\"position\":2,\"name\":\"Cotiza\"}]},{\"@type\":\"WebSite\",\"@id\":\"https:\/\/contenedoresagunsa.cl\/peru\/#website\",\"url\":\"https:\/\/contenedoresagunsa.cl\/peru\/\",\"name\":\"Contenedores Agunsa Per\u00fa\",\"description\":\"Venta y arriendo de contenedores mar\u00edtimos\",\"potentialAction\":[{\"@type\":\"SearchAction\",\"target\":{\"@type\":\"EntryPoint\",\"urlTemplate\":\"https:\/\/contenedoresagunsa.cl\/peru\/?s={search_term_string}\"},\"query-input\":{\"@type\":\"PropertyValueSpecification\",\"valueRequired\":true,\"valueName\":\"search_term_string\"}}],\"inLanguage\":\"es\"}]}<\/script>\n<!-- \/ Yoast SEO plugin. -->","yoast_head_json":{"title":"Cotiza - Contenedores Agunsa Per\u00fa","robots":{"index":"index","follow":"follow","max-snippet":"max-snippet:-1","max-image-preview":"max-image-preview:large","max-video-preview":"max-video-preview:-1"},"canonical":"https:\/\/contenedoresagunsa.cl\/peru\/cotiza\/","og_locale":"es_ES","og_type":"article","og_title":"Cotiza - Contenedores Agunsa Per\u00fa","og_description":"Ind\u00edcanos qu\u00e9 tipo de contenedor o m\u00f3dulo necesitas comprar o arrendar y te contactaremos a la brevedad.","og_url":"https:\/\/contenedoresagunsa.cl\/peru\/cotiza\/","og_site_name":"Contenedores Agunsa Per\u00fa","article_modified_time":"2018-01-09T14:21:17+00:00","twitter_card":"summary_large_image","schema":{"@context":"https:\/\/schema.org","@graph":[{"@type":"WebPage","@id":"https:\/\/contenedoresagunsa.cl\/peru\/cotiza\/","url":"https:\/\/contenedoresagunsa.cl\/peru\/cotiza\/","name":"Cotiza - Contenedores Agunsa Per\u00fa","isPartOf":{"@id":"https:\/\/contenedoresagunsa.cl\/peru\/#website"},"datePublished":"2017-05-22T20:32:29+00:00","dateModified":"2018-01-09T14:21:17+00:00","breadcrumb":{"@id":"https:\/\/contenedoresagunsa.cl\/peru\/cotiza\/#breadcrumb"},"inLanguage":"es","potentialAction":[{"@type":"ReadAction","target":["https:\/\/contenedoresagunsa.cl\/peru\/cotiza\/"]}]},{"@type":"BreadcrumbList","@id":"https:\/\/contenedoresagunsa.cl\/peru\/cotiza\/#breadcrumb","itemListElement":[{"@type":"ListItem","position":1,"name":"Portada","item":"https:\/\/contenedoresagunsa.cl\/peru\/"},{"@type":"ListItem","position":2,"name":"Cotiza"}]},{"@type":"WebSite","@id":"https:\/\/contenedoresagunsa.cl\/peru\/#website","url":"https:\/\/contenedoresagunsa.cl\/peru\/","name":"Contenedores Agunsa Per\u00fa","description":"Venta y arriendo de contenedores mar\u00edtimos","potentialAction":[{"@type":"SearchAction","target":{"@type":"EntryPoint","urlTemplate":"https:\/\/contenedoresagunsa.cl\/peru\/?s={search_term_string}"},"query-input":{"@type":"PropertyValueSpecification","valueRequired":true,"valueName":"search_term_string"}}],"inLanguage":"es"}]}},"_links":{"self":[{"href":"https:\/\/contenedoresagunsa.cl\/peru\/wp-json\/wp\/v2\/pages\/16","targetHints":{"allow":["GET"]}}],"collection":[{"href":"https:\/\/contenedoresagunsa.cl\/peru\/wp-json\/wp\/v2\/pages"}],"about":[{"href":"https:\/\/contenedoresagunsa.cl\/peru\/wp-json\/wp\/v2\/types\/page"}],"author":[{"embeddable":true,"href":"https:\/\/contenedoresagunsa.cl\/peru\/wp-json\/wp\/v2\/users\/1"}],"replies":[{"embeddable":true,"href":"https:\/\/contenedoresagunsa.cl\/peru\/wp-json\/wp\/v2\/comments?post=16"}],"version-history":[{"count":4,"href":"https:\/\/contenedoresagunsa.cl\/peru\/wp-json\/wp\/v2\/pages\/16\/revisions"}],"predecessor-version":[{"id":229,"href":"https:\/\/contenedoresagunsa.cl\/peru\/wp-json\/wp\/v2\/pages\/16\/revisions\/229"}],"wp:attachment":[{"href":"https:\/\/contenedoresagunsa.cl\/peru\/wp-json\/wp\/v2\/media?parent=16"}],"curies":[{"name":"wp","href":"https:\/\/api.w.org\/{rel}","templated":true}]}}